{"id":25638,"date":"2021-02-11T13:48:11","date_gmt":"2021-02-11T12:48:11","guid":{"rendered":"https:\/\/netia-pl.pl\/?page_id=25638"},"modified":"2026-01-08T12:59:05","modified_gmt":"2026-01-08T11:59:05","slug":"25638-2","status":"publish","type":"page","link":"https:\/\/netia-pl.pl\/?page_id=25638","title":{"rendered":"Polityka prywatno\u015bci"},"content":{"rendered":"<p>[et_pb_section fb_built=&#8221;1&#8243; _builder_version=&#8221;4.16&#8243; _module_preset=&#8221;default&#8221; global_colors_info=&#8221;{}&#8221;][et_pb_row _builder_version=&#8221;4.16&#8243; _module_preset=&#8221;default&#8221; global_colors_info=&#8221;{}&#8221;][et_pb_column type=&#8221;4_4&#8243; _builder_version=&#8221;4.16&#8243; _module_preset=&#8221;default&#8221; global_colors_info=&#8221;{}&#8221;][et_pb_text _builder_version=&#8221;4.27.5&#8243; _module_preset=&#8221;default&#8221; hover_enabled=&#8221;0&#8243; global_colors_info=&#8221;{}&#8221; sticky_enabled=&#8221;0&#8243;]<\/p>\n<p style=\"text-align: center;\"><span size=\"5\" face=\"Open Sans\" color=\"#222222\" style=\"color: #222222; font-family: 'Open Sans'; font-size: x-large;\"><img decoding=\"async\" border=\"0\" data-src=\"https:\/\/biuro-zamowien.pl\/Netia\/iNetia_obrazy\/kropki.png\" width=\"113\" height=\"10\" src=\"data:image\/svg+xml;base64,PHN2ZyB3aWR0aD0iMSIgaGVpZ2h0PSIxIiB4bWxucz0iaHR0cDovL3d3dy53My5vcmcvMjAwMC9zdmciPjwvc3ZnPg==\" class=\"lazyload\" style=\"--smush-placeholder-width: 113px; --smush-placeholder-aspect-ratio: 113\/10;\" \/><\/span><\/p>\n<p align=\"left\" style=\"text-align: center;\"><span face=\"Open Sans\" size=\"5\" style=\"font-family: 'Open Sans'; font-size: x-large;\"><strong><\/strong><\/span><\/p>\n<p align=\"left\" style=\"text-align: center;\"><span face=\"Open Sans\" size=\"5\" style=\"font-family: 'Open Sans'; font-size: x-large;\"><strong>Polityka Prywatno\u015bci<\/strong><\/span><\/p>\n<p>&nbsp;<\/p>\n<ol>\n<li><strong> DEFINICJE<\/strong><\/li>\n<\/ol>\n<p>1.1. Administrator \u2013 Netia S.A., ul. Poleczki 13, 02-822 Warszawa<\/p>\n<p>1.2. Dane osobowe \u2013 wszystkie informacje o osobie fizycznej zidentyfikowanej lub mo\u017cliwej do zidentyfikowania poprzez jeden b\u0105d\u017a kilka szczeg\u00f3lnych czynnik\u00f3w okre\u015blaj\u0105cych fizyczn\u0105, fizjologiczn\u0105, genetyczn\u0105, psychiczn\u0105, ekonomiczn\u0105, kulturow\u0105 lub spo\u0142eczn\u0105 to\u017csamo\u015b\u0107, w tym \u2013 je\u015bli pozwalaj\u0105 na identyfikacj\u0119 U\u017cytkownika &#8211; IP urz\u0105dzenia, dane o lokalizacji, identyfikator internetowy oraz informacje gromadzone za po\u015brednictwem plik\u00f3w cookie oraz innych podobnych technologii.<\/p>\n<p>1.3. Polityka Prywatno\u015bci \u2013 niniejsza Polityka Prywatno\u015bci.<\/p>\n<p>1.4. RODO \u2013 Rozporz\u0105dzenie Parlamentu Europejskiego i Rady (UE) 2016\/679 z dnia 27 kwietnia 2016 r. w sprawie ochrony os\u00f3b fizycznych w zwi\u0105zku z przetwarzaniem danych osobowych i w sprawie swobodnego przep\u0142ywu takich danych oraz uchylenia dyrektywy 95\/46\/WE (og\u00f3lne rozporz\u0105dzenie o ochronie danych).<\/p>\n<p>1.5. Serwis \u2013 serwis internetowy prowadzony przez Administratora, b\u0105d\u017a podmiot dzia\u0142aj\u0105cy w imieniu Administratora (Autoryzowany Partner) pod adresem: www.netia-pl.pl.<\/p>\n<p>1.6. U\u017cytkownik \u2013 ka\u017cda osoba fizyczna odwiedzaj\u0105ca Serwis lub korzystaj\u0105ca z jednej albo kilku us\u0142ug czy funkcjonalno\u015bci Serwisu.<\/p>\n<ol start=\"2\">\n<li><strong> PRZETWARZANIE DANYCH W ZWI\u0104ZKU Z KORZYSTANIEM Z SERWISU<\/strong><\/li>\n<\/ol>\n<p>2.1. Polityka Prywatno\u015bci opisuje zasady wykorzystania plik\u00f3w cookie lub innych podobnych technologii oraz zasady przetwarzania danych osobowych gromadzonych podczas korzystania z Serwisu przez U\u017cytkownika.<\/p>\n<p>2.2. W zwi\u0105zku z korzystaniem przez U\u017cytkownika z Serwisu, Administrator zbiera jego dane w zakresie niezb\u0119dnym do \u015bwiadczenia poszczeg\u00f3lnych oferowanych us\u0142ug, a tak\u017ce informacje o aktywno\u015bci U\u017cytkownika w Serwisie, w tym IP urz\u0105dzenia, dane o lokalizacji, identyfikator internetowy oraz informacje gromadzone za po\u015brednictwem plik\u00f3w cookie oraz innych podobnych technologii. Pliki cookie oraz podobne technologie nie s\u0142u\u017c\u0105 identyfikacji U\u017cytkownika i na ich podstawie nie jest ustalana to\u017csamo\u015b\u0107 U\u017cytkownika. Pliki cookie oraz podobne technologie w sytuacji, gdy samoistnie nie pozwalaj\u0105 na identyfikacj\u0119 osoby fizycznej, dopiero w po\u0142\u0105czeniu z innymi unikatowymi identyfikatorami lub innymi informacjami pozwalaj\u0105cymi na identyfikacj\u0119 tej osoby fizycznej, mog\u0105 stanowi\u0107 dane osobowe.<\/p>\n<p>2.3. Korzystanie z Serwisu jest mo\u017cliwie bez konieczno\u015bci zak\u0142adania konta przez U\u017cytkownika. W takim przypadku korzystanie z Serwisu nie wymaga podania danych osobowych w formularzu rejestracyjnym. Przetwarzane dane obejmuj\u0105 informacje o korzystaniu z Serwisu.<\/p>\n<ol start=\"3\">\n<li><strong> PLIKI COOKIE ORAZ PODOBNE TECHNOLOGIE<\/strong><\/li>\n<\/ol>\n<p>3.1. W zwi\u0105zku z korzystaniem z Serwisu wykorzystywane s\u0105 pliki cookie lub podobne technologie w celu zapewnienia U\u017cytkownikowi dost\u0119pu do Serwisu i usprawniania jego dzia\u0142ania.<\/p>\n<p>3.2. Pliki cookie to ma\u0142e pliki tekstowe zapisywane w telekomunikacyjnym urz\u0105dzeniu ko\u0144cowym U\u017cytkownika (komputer, telefon, tablet itp.), w czasie korzystania z Serwisu, pozwalaj\u0105ce na zapisywanie i odczytywanie informacji, kt\u00f3re Administrator oraz inne podmioty \u015bwiadcz\u0105ce na jego rzecz us\u0142ugi (np. analityczne i statystyczne) wykorzystuj\u0105 w r\u00f3\u017cnych celach, kt\u00f3re mo\u017cna podzieli\u0107 na kategorie opisane poni\u017cej.<\/p>\n<p>3.3. Podobne do cookie technologie to m.in. local storage, session storatege, oraz service workers, kt\u00f3re dzia\u0142aj\u0105 w nast\u0119puj\u0105cy spos\u00f3b: technologia wykorzystuj\u0105ca wydzielon\u0105 cz\u0119\u015b\u0107 pami\u0119ci przegl\u0105darki s\u0142u\u017c\u0105cej do przechowywania danych zapisywanych przez serwis.<\/p>\n<p>3.4. Dla uproszczenia, pliki cookie i podobne technologie, dalej zwane b\u0119d\u0105 \u0142\u0105cznie \u201eplikami cookie&#8221;.<\/p>\n<p>3.5. Stosujemy dwa rodzaje plik\u00f3w cookie lub podobnych technologii, z uwagi na czas ich \u017cycia:<\/p>\n<p>3.5.1. sesyjne \u2013 pliki przechowywane w urz\u0105dzeniu U\u017cytkownika do czasu zako\u0144czenia sesji;<\/p>\n<p>3.5.2. sta\u0142e &#8211; pliki przechowywane w urz\u0105dzeniu U\u017cytkownika do czasu ich usuni\u0119cia przez U\u017cytkownika albo do czasu wyga\u015bni\u0119cia pliku cookie w terminie okre\u015blonym w specyfikacji pliku cookie.<\/p>\n<p>3.6. Administrator oraz inne podmioty \u015bwiadcz\u0105ce na jego rzecz us\u0142ugi (np. analityczne i statystyczne) wykorzystuj\u0105 pliki cookie w r\u00f3\u017cnych celach, kt\u00f3re mo\u017cna podzieli\u0107 na nast\u0119puj\u0105ce kategorie.<\/p>\n<p>3.6.1. Cookie wymagane, niezb\u0119dne do korzystania z serwisu:<\/p>\n<ol>\n<li>a) pliki cookie z danymi wprowadzanymi przez U\u017cytkownika (identyfikator sesji) na czas trwania sesji (ang. user input cookies);<\/li>\n<li>b) uwierzytelniaj\u0105ce pliki cookie wykorzystywane do us\u0142ug wymagaj\u0105cych uwierzytelniania na czas trwania sesji (ang. authentication cookies);<\/li>\n<li>c) pliki cookie s\u0142u\u017c\u0105ce do zapewnienia bezpiecze\u0144stwa, np. wykorzystywane do wykrywania nadu\u017cy\u0107 w zakresie uwierzytelniania (ang. user centric security cookies);<\/li>\n<li>d) sesyjne pliki cookie odtwarzaczy multimedialnych (np. pliki cookie odtwarzacza flash), na czas trwania sesji (ang. multimedia player session cookies);<\/li>\n<\/ol>\n<p>3.6.2. Cookie funkcjonalne, u\u0142atwiaj\u0105ce korzystanie z serwisu:<\/p>\n<ol>\n<li>a) trwa\u0142e pliki cookie s\u0142u\u017c\u0105ce do personalizacji interfejsu U\u017cytkownika na czas trwania sesji lub nieco d\u0142u\u017cej (ang. user interface customization cookies),<\/li>\n<li>b) pliki cookie s\u0142u\u017c\u0105ce do monitorowania ruchu na stronie internetowej, tj. analityki danych &#8211; s\u0105 to pliki wykorzystywane w celu analizy sposobu korzystania z Serwisu przez U\u017cytkownika, do tworzenia statystyk i raport\u00f3w dotycz\u0105cych funkcjonowania Serwisu.<\/li>\n<\/ol>\n<p>3.7. U\u017cytkownik mo\u017ce w ka\u017cdej chwili zmieni\u0107 ustawienia plik\u00f3w cookie lub podobnych technologii poprzez zmian\u0119 ustawie\u0144 prywatno\u015bci w przegl\u0105darce b\u0105d\u017a aplikacji, z zastrze\u017ceniem \u017ce zmiana ta mo\u017ce spowodowa\u0107 brak dost\u0119pu do niekt\u00f3rych funkcji Serwisu.<\/p>\n<p>3.8. Zmiana ustawie\u0144 prywatno\u015bci mo\u017cliwa jest poprzez wybranie odpowiedniej opcji w ustawieniach przegl\u0105darki lub aplikacji. W przypadku najpopularniejszych przegl\u0105darek internetowych, U\u017cytkownik mo\u017ce samodzielne zarz\u0105dza\u0107 ustawieniami prywatno\u015bci, w tym plikami cookie, w szczeg\u00f3lno\u015bci poprzez akceptacj\u0119 plik\u00f3w cookie, zmian\u0119 ustawie\u0144 plik\u00f3w cookie oraz blokowanie albo usuwanie plik\u00f3w cookie. Spos\u00f3b i zakres zmian ustawie\u0144 prywatno\u015bci, zale\u017cy od rodzaju lub wersji przegl\u0105darki albo aplikacji, z kt\u00f3rej U\u017cytkownik korzysta. Szczeg\u00f3\u0142owe informacje dotycz\u0105ce zmian ustawie\u0144 prywatno\u015bci, dost\u0119pne s\u0105 na stronach tych dostawc\u00f3w.<\/p>\n<p>&nbsp;<\/p>\n<ol start=\"4\">\n<li><strong> CELE ORAZ PODSTAWY PRAWNE PRZETWARZANIA DANYCH W SERWISIE <\/strong><\/li>\n<\/ol>\n<p><strong>Administrator przetwarza dane osobowe U\u017cytkownik\u00f3w w celu:<\/strong><\/p>\n<p>4.1. zapewnienia dost\u0119pu do serwisu \u2013 na podstawie art. 6 ust. 1 lit b RODO;<\/p>\n<p>4.2. wykonywania obowi\u0105zk\u00f3w wynikaj\u0105cych z przepis\u00f3w prawa \u2013 na podstawie art. 6 ust. 1 lit. c RODO;<\/p>\n<p>4.3. realizacji nast\u0119puj\u0105cych prawnie uzasadnionych interes\u00f3w Administratora lub strony trzeciej \u2013 na podstawie art. 6 ust. 1 lit f RODO:<\/p>\n<p>4.3.1. wykrywanie i eliminowanie nadu\u017cy\u0107;<\/p>\n<p>4.3.2. cele wewn\u0119trzne zwi\u0105zane ze \u015bwiadczeniem us\u0142ug oraz prowadzeniem dzia\u0142alno\u015bci gospodarczej, w tym cele dowodowe, analityczne i statystyczne.<\/p>\n<ol start=\"5\">\n<li><strong> OKRES PRZETWARZANIA DANYCH OSOBOWYCH<\/strong><\/li>\n<\/ol>\n<p>5.1. Dane osobowe b\u0119d\u0105 przetwarzane przez okres:<\/p>\n<p>5.1.1. przewidziany dla realizacji obowi\u0105zk\u00f3w wynikaj\u0105cych z przepis\u00f3w prawa dotycz\u0105cych obronno\u015bci, bezpiecze\u0144stwa pa\u0144stwa oraz bezpiecze\u0144stwa i porz\u0105dku publicznego, a tak\u017ce z przepis\u00f3w podatkowych i rachunkowych,<\/p>\n<p>5.1.2. przez okres przedawnienia roszcze\u0144 oraz do momentu zako\u0144czenia post\u0119powa\u0144 cywilnych, egzekucyjnych, administracyjnych i karnych wymagaj\u0105cych przetwarzania danych, a w przypadku zgody do czasu realizacji celu zgody lub jej odwo\u0142ania, w zale\u017cno\u015bci od tego co nast\u0105pi wcze\u015bniej.<\/p>\n<p>5.2. U\u017cytkownik, mo\u017ce dokona\u0107 samodzielnego usuni\u0119cia plik\u00f3w cookie ze swojego urz\u0105dzenia. W celu wyczyszczenia urz\u0105dzenia ko\u0144cowego U\u017cytkownika (komputer, telefon, tablet itp.) z plik\u00f3w cookie nale\u017cy usun\u0105\u0107 pami\u0119\u0107 podr\u0119czn\u0105 przegl\u0105darki i pliki cookie. Proces czyszczenia pami\u0119ci podr\u0119cznej oraz plik\u00f3w cookie nale\u017cy dokona\u0107 w ustawieniach przegl\u0105darki. Ustawienia mog\u0105 si\u0119 r\u00f3\u017cni\u0107 w zale\u017cno\u015bci od przegl\u0105darki i jej wersji. Wi\u0119cej informacji na temat opcji dost\u0119pnych w poszczeg\u00f3lnych przegl\u0105darkach znajduje si\u0119 w punkcie 3.8. Usuni\u0119cie plik\u00f3w cookie b\u0119dzie skutkowa\u0107 usuni\u0119ciem ustawie\u0144 Serwisu.<\/p>\n<p>&nbsp;<\/p>\n<ol start=\"6\">\n<li><strong> UPRAWNIENIA U\u017bYTKOWNIKA<\/strong><\/li>\n<\/ol>\n<p>U\u017cytkownik mo\u017ce z\u0142o\u017cy\u0107 skarg\u0119 dotycz\u0105c\u0105 przetwarzania danych osobowych do organu nadzorczego zajmuj\u0105cego si\u0119 ochron\u0105 danych osobowych. W Rzeczpospolitej Polskiej organem nadzorczym jest Prezes Urz\u0119du Ochrony Danych Osobowych.<\/p>\n<p>&nbsp;<\/p>\n<ol start=\"7\">\n<li><strong> ODBIORCY DANYCH <\/strong><\/li>\n<\/ol>\n<p>Dane osobowe U\u017cytkownik\u00f3w mog\u0105 by\u0107 przekazywane nast\u0119puj\u0105cym kategoriom odbiorc\u00f3w: podmiotom \u015bwiadcz\u0105cym Administratorowi us\u0142ugi niezb\u0119dne do realizacji cel\u00f3w przetwarzania, w tym dostawcom IT, podmiotom realizuj\u0105cym wsparcie techniczne, organizacyjne i doradcze, innym podwykonawcom w zakresie obs\u0142ugi klienta, integratorom oraz podmiotom uprawnionym na podstawie przepis\u00f3w prawa, sp\u00f3\u0142kom z Grupy Polsat Plus.<\/p>\n<ol start=\"8\">\n<li><strong> PRZEKAZYWANIE DANYCH POZA EOG<\/strong><\/li>\n<\/ol>\n<p>Dane osobowe U\u017cytkownika mog\u0105 by\u0107 przekazywane do pa\u0144stw\/organizacji mi\u0119dzynarodowych poza Europejski Obszar Gospodarczy, gdy pa\u0144stwa\/organizacje te na podstawie decyzji Komisji Europejskiej zosta\u0142y uznane za zapewniaj\u0105ce adekwatny stopie\u0144 ochrony danych osobowych do stopnia ochrony obowi\u0105zuj\u0105cego na Europejskim Obszarze Gospodarczym lub pod warunkiem zastosowania odpowiednich zabezpiecze\u0144, kt\u00f3re mog\u0105 polega\u0107 na skorzystaniu z wi\u0105\u017c\u0105cych regu\u0142 korporacyjnych, standardowych klauzul ochrony danych przyj\u0119tych przez Komisj\u0119 Europejsk\u0105, standardowych klauzul ochrony danych przyj\u0119tych przez Prezesa Urz\u0119du Ochrony Danych Osobowych lub klauzul umownych dopuszczonych przez Prezesa Urz\u0119du Ochrony Danych Osobowych, a ich kopie mo\u017cna uzyska\u0107 na wniosek z\u0142o\u017cony w spos\u00f3b wskazany w pkt. 10 poni\u017cej.<\/p>\n<p>&nbsp;<\/p>\n<ol start=\"9\">\n<li><strong> BEZPIECZE\u0143STWO DANYCH OSOBOWYCH<\/strong><\/li>\n<\/ol>\n<p>9.1. Administrator na bie\u017c\u0105co prowadzi analiz\u0119 ryzyka w celu zapewnienia, \u017ce dane osobowe przetwarzane s\u0105 przez niego w spos\u00f3b bezpieczny \u2013 zapewniaj\u0105cy przede wszystkim, \u017ce dost\u0119p do danych maj\u0105 jedynie osoby upowa\u017cnione i jedynie w zakresie, w jakim jest to niezb\u0119dne ze wzgl\u0119du na wykonywane przez nie zadania. Administrator dba o to, by operacje na danych osobowych by\u0142y rejestrowane i dokonywane jedynie przez uprawnionych pracownik\u00f3w i wsp\u00f3\u0142pracownik\u00f3w.<\/p>\n<p>9.2. Administrator podejmuje wszelkie niezb\u0119dne dzia\u0142ania, by tak\u017ce jego podwykonawcy i inne podmioty wsp\u00f3\u0142pracuj\u0105ce dawa\u0142y gwarancj\u0119 stosowania odpowiednich \u015brodk\u00f3w bezpiecze\u0144stwa w ka\u017cdym przypadku, gdy przetwarzaj\u0105 dane osobowe na zlecenie Administratora.<\/p>\n<p>9.3. W serwisie wdro\u017cyli\u015bmy rozwi\u0105zania zapewniaj\u0105ce wysoki poziom ochrony Twoich danych osobowych.<\/p>\n<p>&nbsp;<\/p>\n<ol start=\"10\">\n<li><strong> DANE KONTAKTOWE<\/strong><\/li>\n<\/ol>\n<p>10.1. \u017b\u0105dania, o\u015bwiadczenia i wszelk\u0105 korespondencj\u0119 dotycz\u0105c\u0105 danych osobowych nale\u017cy kierowa\u0107 telefonicznie do Dzia\u0142u Obs\u0142ugi Klienta (tel. 801802803, 227111111 lub z tel. kom. 793800300), pisemnie na adres: Netia S.A. \u00a0\u2013 Dzia\u0142 Obs\u0142ugi Reklamacji, skr. pocztowa nr 597, 40-950 Katowice S105, je\u015bli jeste\u015b naszym klientem elektronicznie poprzez formularz na stronie <a href=\"https:\/\/www.netiaonline.pl\/\">Netia Online<\/a>, a tak\u017ce pisemnie lub ustnie do protoko\u0142u w Punkcie sprzeda\u017cy (obs\u0142ugi).<\/p>\n<p>10.2. Administrator wyznaczy\u0142 inspektora ochrony danych, z kt\u00f3rym mo\u017cna si\u0119 skontaktowa\u0107:\u00a0elektronicznie na adres iod@netia.pl lub pisemnie na ww. adres siedziby administratora z dopiskiem \u201eInspektor ochrony danych&#8221;.<\/p>\n<p>&nbsp;<\/p>\n<ol start=\"11\">\n<li><strong> ZMIANY POLITYKI PRYWATNO\u015aCI<\/strong><\/li>\n<\/ol>\n<p>Polityka Prywatno\u015bci jest na bie\u017c\u0105co weryfikowana i w razie potrzeby aktualizowana. Aktualna wersja Polityki Prywatno\u015bci zosta\u0142a przyj\u0119ta i obowi\u0105zuje od 05-02-2021\u00a0r.<\/p>\n<p>&nbsp;<\/p>\n<p align=\"left\" style=\"text-align: center;\"><span face=\"Open Sans\" size=\"5\" style=\"font-family: 'Open Sans'; font-size: x-large;\"><\/span><\/p>\n<p align=\"left\" style=\"text-align: center;\"><span size=\"5\" style=\"font-size: x-large;\"><img decoding=\"async\" border=\"0\" data-src=\"https:\/\/biuro-zamowien.pl\/Netia\/iNetia_obrazy\/icon_login3.png\" width=\"15\" height=\"15\" src=\"data:image\/svg+xml;base64,PHN2ZyB3aWR0aD0iMSIgaGVpZ2h0PSIxIiB4bWxucz0iaHR0cDovL3d3dy53My5vcmcvMjAwMC9zdmciPjwvc3ZnPg==\" class=\"lazyload\" style=\"--smush-placeholder-width: 15px; --smush-placeholder-aspect-ratio: 15\/15;\" \/><span>\u00a0<\/span><\/span><span face=\"Open Sans\" size=\"5\" style=\"font-family: 'Open Sans'; font-size: x-large;\">\u00a0Zam\u00f3w us\u0142ugi telefonicznie: +48 606 622 360<\/span><\/p>\n<p style=\"text-align: center;\"><span size=\"5\" face=\"Open Sans\" color=\"#222222\" style=\"color: #222222; font-family: 'Open Sans'; font-size: x-large;\"><img decoding=\"async\" border=\"0\" data-src=\"https:\/\/biuro-zamowien.pl\/Netia\/iNetia_obrazy\/kropki.png\" width=\"113\" height=\"10\" src=\"data:image\/svg+xml;base64,PHN2ZyB3aWR0aD0iMSIgaGVpZ2h0PSIxIiB4bWxucz0iaHR0cDovL3d3dy53My5vcmcvMjAwMC9zdmciPjwvc3ZnPg==\" class=\"lazyload\" style=\"--smush-placeholder-width: 113px; --smush-placeholder-aspect-ratio: 113\/10;\" \/><\/span><\/p>\n<p>[\/et_pb_text][\/et_pb_column][\/et_pb_row][\/et_pb_section]<\/p>\n","protected":false},"excerpt":{"rendered":"<p>Polityka Prywatno\u015bci &nbsp; DEFINICJE 1.1. Administrator \u2013 Netia S.A., ul. Poleczki 13, 02-822 Warszawa 1.2. Dane osobowe \u2013 wszystkie informacje o osobie fizycznej zidentyfikowanej lub mo\u017cliwej do zidentyfikowania poprzez jeden b\u0105d\u017a kilka szczeg\u00f3lnych czynnik\u00f3w okre\u015blaj\u0105cych fizyczn\u0105, fizjologiczn\u0105, genetyczn\u0105, psychiczn\u0105, ekonomiczn\u0105, kulturow\u0105 lub spo\u0142eczn\u0105 to\u017csamo\u015b\u0107, w tym \u2013 je\u015bli pozwalaj\u0105 na identyfikacj\u0119 U\u017cytkownika &#8211; IP urz\u0105dzenia, [&hellip;]<\/p>\n","protected":false},"author":2,"featured_media":0,"parent":0,"menu_order":0,"comment_status":"closed","ping_status":"closed","template":"","meta":{"_et_pb_use_builder":"on","_et_pb_old_content":"","_et_gb_content_width":"","footnotes":""},"class_list":["post-25638","page","type-page","status-publish","hentry"],"_links":{"self":[{"href":"https:\/\/netia-pl.pl\/index.php?rest_route=\/wp\/v2\/pages\/25638","targetHints":{"allow":["GET"]}}],"collection":[{"href":"https:\/\/netia-pl.pl\/index.php?rest_route=\/wp\/v2\/pages"}],"about":[{"href":"https:\/\/netia-pl.pl\/index.php?rest_route=\/wp\/v2\/types\/page"}],"author":[{"embeddable":true,"href":"https:\/\/netia-pl.pl\/index.php?rest_route=\/wp\/v2\/users\/2"}],"replies":[{"embeddable":true,"href":"https:\/\/netia-pl.pl\/index.php?rest_route=%2Fwp%2Fv2%2Fcomments&post=25638"}],"version-history":[{"count":9,"href":"https:\/\/netia-pl.pl\/index.php?rest_route=\/wp\/v2\/pages\/25638\/revisions"}],"predecessor-version":[{"id":28212,"href":"https:\/\/netia-pl.pl\/index.php?rest_route=\/wp\/v2\/pages\/25638\/revisions\/28212"}],"wp:attachment":[{"href":"https:\/\/netia-pl.pl\/index.php?rest_route=%2Fwp%2Fv2%2Fmedia&parent=25638"}],"curies":[{"name":"wp","href":"https:\/\/api.w.org\/{rel}","templated":true}]}}